{"id":82,"date":"2025-05-18T12:53:36","date_gmt":"2025-05-18T10:53:36","guid":{"rendered":"https:\/\/misholis.pl\/?page_id=82"},"modified":"2026-03-14T10:50:50","modified_gmt":"2026-03-14T09:50:50","slug":"cennik","status":"publish","type":"page","link":"https:\/\/misholis.pl\/?page_id=82","title":{"rendered":"Cennik"},"content":{"rendered":"\n<div class=\"wp-block-columns is-layout-flex wp-container-core-columns-is-layout-28f84493 wp-block-columns-is-layout-flex\">\n<div class=\"wp-block-column is-layout-flow wp-block-column-is-layout-flow\" style=\"flex-basis:500px\">\n<div class=\"wp-block-group has-global-padding is-layout-constrained wp-block-group-is-layout-constrained\" style=\"min-height:1150px\">\n<p>Oferta z dojazdem do klienta<\/p>\n\n\n\n<p>Diagnoza logopedyczna\/neurologopedyczna\/miofunkcjonalna z om\u00f3wieniem do 60 minut &#8211; 300\u00a0z\u0142<\/p>\n\n\n\n<p>Terapia logopedyczna 40 minut- 250z\u0142<\/p>\n\n\n\n<p>Konsultacja psychologiczna do 60 minut &#8211; 350\u00a0z\u0142<\/p>\n\n\n\n<p>Terapia neurologopedyczna\/miofunkcjonalna 40 minut &#8211; 250\u00a0z\u0142<\/p>\n\n\n\n<p>Terapia pedagogiczna trudno\u015bci szkolnych 40 minut &#8211; 150\u00a0z\u0142<\/p>\n\n\n\n<p>Terapia r\u0119ki 40 minut &#8211; 90\u00a0z\u0142<\/p>\n\n\n\n<p>Dokumentacja pisemna &#8211; koszt ustalany indywidualnie<\/p>\n\n\n\n<p>Dojazd mo\u017cliwy w Warszawie i okolicy<\/p>\n\n\n\n<div class=\"wp-block-buttons is-layout-flex wp-block-buttons-is-layout-flex\">\n<div class=\"wp-block-button\"><a class=\"wp-block-button__link wp-element-button\" href=\"https:\/\/misholis.pl\/?page_id=35\">Zarezerwuj wizyt\u0119<\/a><\/div>\n<\/div>\n<\/div>\n<\/div>\n\n\n\n<div class=\"wp-block-column is-layout-flow wp-block-column-is-layout-flow\">\n<figure class=\"wp-block-image size-large\"><img fetchpriority=\"high\" decoding=\"async\" width=\"589\" height=\"1024\" src=\"https:\/\/misholis.pl\/wp-content\/uploads\/2025\/05\/mis-mniejszy-589x1024.png\" alt=\"\" class=\"wp-image-60\" srcset=\"https:\/\/misholis.pl\/wp-content\/uploads\/2025\/05\/mis-mniejszy-589x1024.png 589w, https:\/\/misholis.pl\/wp-content\/uploads\/2025\/05\/mis-mniejszy-172x300.png 172w, https:\/\/misholis.pl\/wp-content\/uploads\/2025\/05\/mis-mniejszy.png 615w\" sizes=\"(max-width: 589px) 100vw, 589px\" \/><\/figure>\n<\/div>\n<\/div>\n","protected":false},"excerpt":{"rendered":"<p>Oferta z dojazdem do klienta Diagnoza logopedyczna\/neurologopedyczna\/miofunkcjonalna z om\u00f3wieniem do 60 minut &#8211; 300\u00a0z\u0142 Terapia logopedyczna 40 minut- 250z\u0142 Konsultacja psychologiczna do 60 minut &#8211; 350\u00a0z\u0142 Terapia neurologopedyczna\/miofunkcjonalna 40 minut &#8211; 250\u00a0z\u0142 Terapia pedagogiczna trudno\u015bci szkolnych 40 minut &#8211; 150\u00a0z\u0142 Terapia r\u0119ki 40 minut &#8211; 90\u00a0z\u0142 Dokumentacja pisemna &#8211; koszt ustalany indywidualnie Dojazd mo\u017cliwy w [&hellip;]<\/p>\n","protected":false},"author":1,"featured_media":0,"parent":0,"menu_order":0,"comment_status":"closed","ping_status":"closed","template":"","meta":{"footnotes":""},"class_list":["post-82","page","type-page","status-publish","hentry"],"yoast_head":"<!-- This site is optimized with the Yoast SEO plugin v24.9 - https:\/\/yoast.com\/wordpress\/plugins\/seo\/ -->\n<title>Cennik - Mi\u015b Holi\u015b<\/title>\n<meta name=\"description\" content=\"Logopeda, Neurologopeda, Integracja Sensoryczna, SI, Jab\u0142onna, Legionowo\" \/>\n<meta name=\"robots\" content=\"index, follow, max-snippet:-1, max-image-preview:large, max-video-preview:-1\" \/>\n<link rel=\"canonical\" href=\"https:\/\/misholis.pl\/?page_id=82\" \/>\n<meta property=\"og:locale\" content=\"pl_PL\" \/>\n<meta property=\"og:type\" content=\"article\" \/>\n<meta property=\"og:title\" content=\"Cennik - Mi\u015b Holi\u015b\" \/>\n<meta property=\"og:description\" content=\"Logopeda, Neurologopeda, Integracja Sensoryczna, SI, Jab\u0142onna, Legionowo\" \/>\n<meta property=\"og:url\" content=\"https:\/\/misholis.pl\/?page_id=82\" \/>\n<meta property=\"og:site_name\" content=\"Mi\u015b Holi\u015b\" \/>\n<meta property=\"article:publisher\" content=\"https:\/\/www.facebook.com\/61576074742007\/\" \/>\n<meta property=\"article:modified_time\" content=\"2026-03-14T09:50:50+00:00\" \/>\n<meta property=\"og:image\" content=\"https:\/\/misholis.pl\/wp-content\/uploads\/2025\/05\/mis-mniejszy.png\" \/>\n\t<meta property=\"og:image:width\" content=\"615\" \/>\n\t<meta property=\"og:image:height\" content=\"1070\" \/>\n\t<meta property=\"og:image:type\" content=\"image\/png\" \/>\n<meta name=\"twitter:card\" content=\"summary_large_image\" \/>\n<meta name=\"twitter:label1\" content=\"Szacowany czas czytania\" \/>\n\t<meta name=\"twitter:data1\" content=\"1 minuta\" \/>\n<script type=\"application\/ld+json\" class=\"yoast-schema-graph\">{\"@context\":\"https:\/\/schema.org\",\"@graph\":[{\"@type\":\"WebPage\",\"@id\":\"https:\/\/misholis.pl\/?page_id=82\",\"url\":\"https:\/\/misholis.pl\/?page_id=82\",\"name\":\"Cennik - Mi\u015b Holi\u015b\",\"isPartOf\":{\"@id\":\"https:\/\/misholis.pl\/#website\"},\"primaryImageOfPage\":{\"@id\":\"https:\/\/misholis.pl\/?page_id=82#primaryimage\"},\"image\":{\"@id\":\"https:\/\/misholis.pl\/?page_id=82#primaryimage\"},\"thumbnailUrl\":\"https:\/\/misholis.pl\/wp-content\/uploads\/2025\/05\/mis-mniejszy-589x1024.png\",\"datePublished\":\"2025-05-18T10:53:36+00:00\",\"dateModified\":\"2026-03-14T09:50:50+00:00\",\"description\":\"Logopeda, Neurologopeda, Integracja Sensoryczna, SI, Jab\u0142onna, Legionowo\",\"breadcrumb\":{\"@id\":\"https:\/\/misholis.pl\/?page_id=82#breadcrumb\"},\"inLanguage\":\"pl-PL\",\"potentialAction\":[{\"@type\":\"ReadAction\",\"target\":[\"https:\/\/misholis.pl\/?page_id=82\"]}]},{\"@type\":\"ImageObject\",\"inLanguage\":\"pl-PL\",\"@id\":\"https:\/\/misholis.pl\/?page_id=82#primaryimage\",\"url\":\"https:\/\/misholis.pl\/wp-content\/uploads\/2025\/05\/mis-mniejszy.png\",\"contentUrl\":\"https:\/\/misholis.pl\/wp-content\/uploads\/2025\/05\/mis-mniejszy.png\",\"width\":615,\"height\":1070},{\"@type\":\"BreadcrumbList\",\"@id\":\"https:\/\/misholis.pl\/?page_id=82#breadcrumb\",\"itemListElement\":[{\"@type\":\"ListItem\",\"position\":1,\"name\":\"Home\",\"item\":\"https:\/\/misholis.pl\/\"},{\"@type\":\"ListItem\",\"position\":2,\"name\":\"Cennik\"}]},{\"@type\":\"WebSite\",\"@id\":\"https:\/\/misholis.pl\/#website\",\"url\":\"https:\/\/misholis.pl\/\",\"name\":\"Mi\u015b Holi\u015b\",\"description\":\"Centrum Wspierania Rozwoju Dziecka\",\"publisher\":{\"@id\":\"https:\/\/misholis.pl\/#organization\"},\"potentialAction\":[{\"@type\":\"SearchAction\",\"target\":{\"@type\":\"EntryPoint\",\"urlTemplate\":\"https:\/\/misholis.pl\/?s={search_term_string}\"},\"query-input\":{\"@type\":\"PropertyValueSpecification\",\"valueRequired\":true,\"valueName\":\"search_term_string\"}}],\"inLanguage\":\"pl-PL\"},{\"@type\":\"Organization\",\"@id\":\"https:\/\/misholis.pl\/#organization\",\"name\":\"Kamila Budzy\u0144ska \\\"Mi\u015b Holi\u015b\\\"\",\"url\":\"https:\/\/misholis.pl\/\",\"logo\":{\"@type\":\"ImageObject\",\"inLanguage\":\"pl-PL\",\"@id\":\"https:\/\/misholis.pl\/#\/schema\/logo\/image\/\",\"url\":\"https:\/\/misholis.pl\/wp-content\/uploads\/2025\/05\/cropped-logo-wlasciwe.png\",\"contentUrl\":\"https:\/\/misholis.pl\/wp-content\/uploads\/2025\/05\/cropped-logo-wlasciwe.png\",\"width\":512,\"height\":512,\"caption\":\"Kamila Budzy\u0144ska \\\"Mi\u015b Holi\u015b\\\"\"},\"image\":{\"@id\":\"https:\/\/misholis.pl\/#\/schema\/logo\/image\/\"},\"sameAs\":[\"https:\/\/www.facebook.com\/61576074742007\/\"]}]}<\/script>\n<!-- \/ Yoast SEO plugin. -->","yoast_head_json":{"title":"Cennik - Mi\u015b Holi\u015b","description":"Logopeda, Neurologopeda, Integracja Sensoryczna, SI, Jab\u0142onna, Legionowo","robots":{"index":"index","follow":"follow","max-snippet":"max-snippet:-1","max-image-preview":"max-image-preview:large","max-video-preview":"max-video-preview:-1"},"canonical":"https:\/\/misholis.pl\/?page_id=82","og_locale":"pl_PL","og_type":"article","og_title":"Cennik - Mi\u015b Holi\u015b","og_description":"Logopeda, Neurologopeda, Integracja Sensoryczna, SI, Jab\u0142onna, Legionowo","og_url":"https:\/\/misholis.pl\/?page_id=82","og_site_name":"Mi\u015b Holi\u015b","article_publisher":"https:\/\/www.facebook.com\/61576074742007\/","article_modified_time":"2026-03-14T09:50:50+00:00","og_image":[{"width":615,"height":1070,"url":"https:\/\/misholis.pl\/wp-content\/uploads\/2025\/05\/mis-mniejszy.png","type":"image\/png"}],"twitter_card":"summary_large_image","twitter_misc":{"Szacowany czas czytania":"1 minuta"},"schema":{"@context":"https:\/\/schema.org","@graph":[{"@type":"WebPage","@id":"https:\/\/misholis.pl\/?page_id=82","url":"https:\/\/misholis.pl\/?page_id=82","name":"Cennik - Mi\u015b Holi\u015b","isPartOf":{"@id":"https:\/\/misholis.pl\/#website"},"primaryImageOfPage":{"@id":"https:\/\/misholis.pl\/?page_id=82#primaryimage"},"image":{"@id":"https:\/\/misholis.pl\/?page_id=82#primaryimage"},"thumbnailUrl":"https:\/\/misholis.pl\/wp-content\/uploads\/2025\/05\/mis-mniejszy-589x1024.png","datePublished":"2025-05-18T10:53:36+00:00","dateModified":"2026-03-14T09:50:50+00:00","description":"Logopeda, Neurologopeda, Integracja Sensoryczna, SI, Jab\u0142onna, Legionowo","breadcrumb":{"@id":"https:\/\/misholis.pl\/?page_id=82#breadcrumb"},"inLanguage":"pl-PL","potentialAction":[{"@type":"ReadAction","target":["https:\/\/misholis.pl\/?page_id=82"]}]},{"@type":"ImageObject","inLanguage":"pl-PL","@id":"https:\/\/misholis.pl\/?page_id=82#primaryimage","url":"https:\/\/misholis.pl\/wp-content\/uploads\/2025\/05\/mis-mniejszy.png","contentUrl":"https:\/\/misholis.pl\/wp-content\/uploads\/2025\/05\/mis-mniejszy.png","width":615,"height":1070},{"@type":"BreadcrumbList","@id":"https:\/\/misholis.pl\/?page_id=82#breadcrumb","itemListElement":[{"@type":"ListItem","position":1,"name":"Home","item":"https:\/\/misholis.pl\/"},{"@type":"ListItem","position":2,"name":"Cennik"}]},{"@type":"WebSite","@id":"https:\/\/misholis.pl\/#website","url":"https:\/\/misholis.pl\/","name":"Mi\u015b Holi\u015b","description":"Centrum Wspierania Rozwoju Dziecka","publisher":{"@id":"https:\/\/misholis.pl\/#organization"},"potentialAction":[{"@type":"SearchAction","target":{"@type":"EntryPoint","urlTemplate":"https:\/\/misholis.pl\/?s={search_term_string}"},"query-input":{"@type":"PropertyValueSpecification","valueRequired":true,"valueName":"search_term_string"}}],"inLanguage":"pl-PL"},{"@type":"Organization","@id":"https:\/\/misholis.pl\/#organization","name":"Kamila Budzy\u0144ska \"Mi\u015b Holi\u015b\"","url":"https:\/\/misholis.pl\/","logo":{"@type":"ImageObject","inLanguage":"pl-PL","@id":"https:\/\/misholis.pl\/#\/schema\/logo\/image\/","url":"https:\/\/misholis.pl\/wp-content\/uploads\/2025\/05\/cropped-logo-wlasciwe.png","contentUrl":"https:\/\/misholis.pl\/wp-content\/uploads\/2025\/05\/cropped-logo-wlasciwe.png","width":512,"height":512,"caption":"Kamila Budzy\u0144ska \"Mi\u015b Holi\u015b\""},"image":{"@id":"https:\/\/misholis.pl\/#\/schema\/logo\/image\/"},"sameAs":["https:\/\/www.facebook.com\/61576074742007\/"]}]}},"_links":{"self":[{"href":"https:\/\/misholis.pl\/index.php?rest_route=\/wp\/v2\/pages\/82","targetHints":{"allow":["GET"]}}],"collection":[{"href":"https:\/\/misholis.pl\/index.php?rest_route=\/wp\/v2\/pages"}],"about":[{"href":"https:\/\/misholis.pl\/index.php?rest_route=\/wp\/v2\/types\/page"}],"author":[{"embeddable":true,"href":"https:\/\/misholis.pl\/index.php?rest_route=\/wp\/v2\/users\/1"}],"replies":[{"embeddable":true,"href":"https:\/\/misholis.pl\/index.php?rest_route=%2Fwp%2Fv2%2Fcomments&post=82"}],"version-history":[{"count":6,"href":"https:\/\/misholis.pl\/index.php?rest_route=\/wp\/v2\/pages\/82\/revisions"}],"predecessor-version":[{"id":166,"href":"https:\/\/misholis.pl\/index.php?rest_route=\/wp\/v2\/pages\/82\/revisions\/166"}],"wp:attachment":[{"href":"https:\/\/misholis.pl\/index.php?rest_route=%2Fwp%2Fv2%2Fmedia&parent=82"}],"curies":[{"name":"wp","href":"https:\/\/api.w.org\/{rel}","templated":true}]}}