{"id":35,"date":"2025-05-01T16:51:08","date_gmt":"2025-05-01T14:51:08","guid":{"rendered":"http:\/\/misholis.pl\/?page_id=35"},"modified":"2025-05-18T13:33:38","modified_gmt":"2025-05-18T11:33:38","slug":"kontakt","status":"publish","type":"page","link":"https:\/\/misholis.pl\/?page_id=35","title":{"rendered":"Kontakt"},"content":{"rendered":"\n<div class=\"wp-block-group alignfull has-global-padding is-layout-constrained wp-container-core-group-is-layout-669513ed wp-block-group-is-layout-constrained\" style=\"margin-top:0;margin-bottom:0;padding-top:var(--wp--preset--spacing--50);padding-right:var(--wp--preset--spacing--50);padding-bottom:var(--wp--preset--spacing--50);padding-left:var(--wp--preset--spacing--50)\">\n<div class=\"wp-block-columns alignwide is-layout-flex wp-container-core-columns-is-layout-1da03c2a wp-block-columns-is-layout-flex\">\n<div class=\"wp-block-column is-layout-flow wp-block-column-is-layout-flow\"><\/div>\n<\/div>\n\n\n\n<div class=\"wp-block-contact-form-7-contact-form-selector\">\n<div class=\"wpcf7 no-js\" id=\"wpcf7-f4-o1\" lang=\"pl-PL\" dir=\"ltr\" data-wpcf7-id=\"4\">\n<div class=\"screen-reader-response\"><p role=\"status\" aria-live=\"polite\" aria-atomic=\"true\"><\/p> <ul><\/ul><\/div>\n<form action=\"\/index.php?rest_route=%2Fwp%2Fv2%2Fpages%2F35#wpcf7-f4-o1\" method=\"post\" class=\"wpcf7-form init\" aria-label=\"Formularz kontaktowy\" novalidate=\"novalidate\" data-status=\"init\">\n<div style=\"display: none;\">\n<input type=\"hidden\" name=\"_wpcf7\" value=\"4\" \/>\n<input type=\"hidden\" name=\"_wpcf7_version\" value=\"6.0.6\" \/>\n<input type=\"hidden\" name=\"_wpcf7_locale\" value=\"pl_PL\" \/>\n<input type=\"hidden\" name=\"_wpcf7_unit_tag\" value=\"wpcf7-f4-o1\" \/>\n<input type=\"hidden\" name=\"_wpcf7_container_post\" value=\"0\" \/>\n<input type=\"hidden\" name=\"_wpcf7_posted_data_hash\" value=\"\" \/>\n<\/div>\n<p><label> Imi\u0119 i nazwisko<br \/>\n<span class=\"wpcf7-form-control-wrap\" data-name=\"your-name\"><input size=\"40\" maxlength=\"400\" class=\"wpcf7-form-control wpcf7-text wpcf7-validates-as-required\" autocomplete=\"name\" aria-required=\"true\" aria-invalid=\"false\" value=\"\" type=\"text\" name=\"your-name\" \/><\/span> <\/label>\n<\/p>\n<p><label> Adres email<br \/>\n<span class=\"wpcf7-form-control-wrap\" data-name=\"your-email\"><input size=\"40\" maxlength=\"400\" class=\"wpcf7-form-control wpcf7-email wpcf7-validates-as-required wpcf7-text wpcf7-validates-as-email\" autocomplete=\"email\" aria-required=\"true\" aria-invalid=\"false\" value=\"\" type=\"email\" name=\"your-email\" \/><\/span> <\/label><br \/>\n<label> Numer telefonu do kontaktu<br \/>\n<span class=\"wpcf7-form-control-wrap\" data-name=\"tel-620\"><input size=\"40\" maxlength=\"13\" minlength=\"9\" class=\"wpcf7-form-control wpcf7-tel wpcf7-text wpcf7-validates-as-tel\" autocomplete=\"tel\" aria-invalid=\"false\" value=\"\" type=\"tel\" name=\"tel-620\" \/><\/span> <\/label>\n<\/p>\n<p><label> Temat<br \/>\n<span class=\"wpcf7-form-control-wrap\" data-name=\"your-subject\"><input size=\"40\" maxlength=\"400\" class=\"wpcf7-form-control wpcf7-text wpcf7-validates-as-required\" aria-required=\"true\" aria-invalid=\"false\" value=\"\" type=\"text\" name=\"your-subject\" \/><\/span> <\/label>\n<\/p>\n<p><label> Tre\u015b\u0107 wiadomo\u015bci<br \/>\n<span class=\"wpcf7-form-control-wrap\" data-name=\"your-message\"><textarea cols=\"40\" rows=\"10\" maxlength=\"2000\" class=\"wpcf7-form-control wpcf7-textarea\" aria-invalid=\"false\" name=\"your-message\"><\/textarea><\/span> <\/label><br \/>\n<span class=\"wpcf7-form-control-wrap\" data-name=\"acceptance-601\"><span class=\"wpcf7-form-control wpcf7-acceptance\"><span class=\"wpcf7-list-item\"><label><input type=\"checkbox\" name=\"acceptance-601\" value=\"1\" aria-invalid=\"false\" \/><span class=\"wpcf7-list-item-label\">Klikaj\u0105c \"Wy\u015blij\" wyra\u017cam zgod\u0119 na kontakt mailowy i telefoniczny w sprawie wys\u0142anej wiadomo\u015bci.<\/span><\/label><\/span><\/span><\/span><br \/>\n<input class=\"wpcf7-form-control wpcf7-submit has-spinner\" type=\"submit\" value=\"Wy\u015blij\" \/>\n<\/p><div class=\"wpcf7-response-output\" aria-hidden=\"true\"><\/div>\n<\/form>\n<\/div>\n<\/div>\n<\/div>\n","protected":false},"excerpt":{"rendered":"","protected":false},"author":1,"featured_media":0,"parent":0,"menu_order":3,"comment_status":"closed","ping_status":"closed","template":"","meta":{"footnotes":""},"class_list":["post-35","page","type-page","status-publish","hentry"],"yoast_head":"<!-- This site is optimized with the Yoast SEO plugin v24.9 - https:\/\/yoast.com\/wordpress\/plugins\/seo\/ -->\n<title>Kontakt - Mi\u015b Holi\u015b<\/title>\n<meta name=\"description\" content=\"Logopeda, Neurologopeda, Integracja Sensoryczna, SI, Jab\u0142onna, Legionowo\" \/>\n<meta name=\"robots\" content=\"index, follow, max-snippet:-1, max-image-preview:large, max-video-preview:-1\" \/>\n<link rel=\"canonical\" href=\"https:\/\/misholis.pl\/?page_id=35\" \/>\n<meta property=\"og:locale\" content=\"pl_PL\" \/>\n<meta property=\"og:type\" content=\"article\" \/>\n<meta property=\"og:title\" content=\"Kontakt - Mi\u015b Holi\u015b\" \/>\n<meta property=\"og:description\" content=\"Logopeda, Neurologopeda, Integracja Sensoryczna, SI, Jab\u0142onna, Legionowo\" \/>\n<meta property=\"og:url\" content=\"https:\/\/misholis.pl\/?page_id=35\" \/>\n<meta property=\"og:site_name\" content=\"Mi\u015b Holi\u015b\" \/>\n<meta property=\"article:publisher\" content=\"https:\/\/www.facebook.com\/61576074742007\/\" \/>\n<meta property=\"article:modified_time\" content=\"2025-05-18T11:33:38+00:00\" \/>\n<meta name=\"twitter:card\" content=\"summary_large_image\" \/>\n<meta name=\"twitter:label1\" content=\"Szacowany czas czytania\" \/>\n\t<meta name=\"twitter:data1\" content=\"1 minuta\" \/>\n<script type=\"application\/ld+json\" class=\"yoast-schema-graph\">{\"@context\":\"https:\/\/schema.org\",\"@graph\":[{\"@type\":\"WebPage\",\"@id\":\"https:\/\/misholis.pl\/?page_id=35\",\"url\":\"https:\/\/misholis.pl\/?page_id=35\",\"name\":\"Kontakt - Mi\u015b Holi\u015b\",\"isPartOf\":{\"@id\":\"https:\/\/misholis.pl\/#website\"},\"datePublished\":\"2025-05-01T14:51:08+00:00\",\"dateModified\":\"2025-05-18T11:33:38+00:00\",\"description\":\"Logopeda, Neurologopeda, Integracja Sensoryczna, SI, Jab\u0142onna, Legionowo\",\"breadcrumb\":{\"@id\":\"https:\/\/misholis.pl\/?page_id=35#breadcrumb\"},\"inLanguage\":\"pl-PL\",\"potentialAction\":[{\"@type\":\"ReadAction\",\"target\":[\"https:\/\/misholis.pl\/?page_id=35\"]}]},{\"@type\":\"BreadcrumbList\",\"@id\":\"https:\/\/misholis.pl\/?page_id=35#breadcrumb\",\"itemListElement\":[{\"@type\":\"ListItem\",\"position\":1,\"name\":\"Home\",\"item\":\"https:\/\/misholis.pl\/\"},{\"@type\":\"ListItem\",\"position\":2,\"name\":\"Kontakt\"}]},{\"@type\":\"WebSite\",\"@id\":\"https:\/\/misholis.pl\/#website\",\"url\":\"https:\/\/misholis.pl\/\",\"name\":\"Mi\u015b Holi\u015b\",\"description\":\"Centrum Wspierania Rozwoju Dziecka\",\"publisher\":{\"@id\":\"https:\/\/misholis.pl\/#organization\"},\"potentialAction\":[{\"@type\":\"SearchAction\",\"target\":{\"@type\":\"EntryPoint\",\"urlTemplate\":\"https:\/\/misholis.pl\/?s={search_term_string}\"},\"query-input\":{\"@type\":\"PropertyValueSpecification\",\"valueRequired\":true,\"valueName\":\"search_term_string\"}}],\"inLanguage\":\"pl-PL\"},{\"@type\":\"Organization\",\"@id\":\"https:\/\/misholis.pl\/#organization\",\"name\":\"Kamila Budzy\u0144ska \\\"Mi\u015b Holi\u015b\\\"\",\"url\":\"https:\/\/misholis.pl\/\",\"logo\":{\"@type\":\"ImageObject\",\"inLanguage\":\"pl-PL\",\"@id\":\"https:\/\/misholis.pl\/#\/schema\/logo\/image\/\",\"url\":\"https:\/\/misholis.pl\/wp-content\/uploads\/2025\/05\/cropped-logo-wlasciwe.png\",\"contentUrl\":\"https:\/\/misholis.pl\/wp-content\/uploads\/2025\/05\/cropped-logo-wlasciwe.png\",\"width\":512,\"height\":512,\"caption\":\"Kamila Budzy\u0144ska \\\"Mi\u015b Holi\u015b\\\"\"},\"image\":{\"@id\":\"https:\/\/misholis.pl\/#\/schema\/logo\/image\/\"},\"sameAs\":[\"https:\/\/www.facebook.com\/61576074742007\/\"]}]}<\/script>\n<!-- \/ Yoast SEO plugin. -->","yoast_head_json":{"title":"Kontakt - Mi\u015b Holi\u015b","description":"Logopeda, Neurologopeda, Integracja Sensoryczna, SI, Jab\u0142onna, Legionowo","robots":{"index":"index","follow":"follow","max-snippet":"max-snippet:-1","max-image-preview":"max-image-preview:large","max-video-preview":"max-video-preview:-1"},"canonical":"https:\/\/misholis.pl\/?page_id=35","og_locale":"pl_PL","og_type":"article","og_title":"Kontakt - Mi\u015b Holi\u015b","og_description":"Logopeda, Neurologopeda, Integracja Sensoryczna, SI, Jab\u0142onna, Legionowo","og_url":"https:\/\/misholis.pl\/?page_id=35","og_site_name":"Mi\u015b Holi\u015b","article_publisher":"https:\/\/www.facebook.com\/61576074742007\/","article_modified_time":"2025-05-18T11:33:38+00:00","twitter_card":"summary_large_image","twitter_misc":{"Szacowany czas czytania":"1 minuta"},"schema":{"@context":"https:\/\/schema.org","@graph":[{"@type":"WebPage","@id":"https:\/\/misholis.pl\/?page_id=35","url":"https:\/\/misholis.pl\/?page_id=35","name":"Kontakt - Mi\u015b Holi\u015b","isPartOf":{"@id":"https:\/\/misholis.pl\/#website"},"datePublished":"2025-05-01T14:51:08+00:00","dateModified":"2025-05-18T11:33:38+00:00","description":"Logopeda, Neurologopeda, Integracja Sensoryczna, SI, Jab\u0142onna, Legionowo","breadcrumb":{"@id":"https:\/\/misholis.pl\/?page_id=35#breadcrumb"},"inLanguage":"pl-PL","potentialAction":[{"@type":"ReadAction","target":["https:\/\/misholis.pl\/?page_id=35"]}]},{"@type":"BreadcrumbList","@id":"https:\/\/misholis.pl\/?page_id=35#breadcrumb","itemListElement":[{"@type":"ListItem","position":1,"name":"Home","item":"https:\/\/misholis.pl\/"},{"@type":"ListItem","position":2,"name":"Kontakt"}]},{"@type":"WebSite","@id":"https:\/\/misholis.pl\/#website","url":"https:\/\/misholis.pl\/","name":"Mi\u015b Holi\u015b","description":"Centrum Wspierania Rozwoju Dziecka","publisher":{"@id":"https:\/\/misholis.pl\/#organization"},"potentialAction":[{"@type":"SearchAction","target":{"@type":"EntryPoint","urlTemplate":"https:\/\/misholis.pl\/?s={search_term_string}"},"query-input":{"@type":"PropertyValueSpecification","valueRequired":true,"valueName":"search_term_string"}}],"inLanguage":"pl-PL"},{"@type":"Organization","@id":"https:\/\/misholis.pl\/#organization","name":"Kamila Budzy\u0144ska \"Mi\u015b Holi\u015b\"","url":"https:\/\/misholis.pl\/","logo":{"@type":"ImageObject","inLanguage":"pl-PL","@id":"https:\/\/misholis.pl\/#\/schema\/logo\/image\/","url":"https:\/\/misholis.pl\/wp-content\/uploads\/2025\/05\/cropped-logo-wlasciwe.png","contentUrl":"https:\/\/misholis.pl\/wp-content\/uploads\/2025\/05\/cropped-logo-wlasciwe.png","width":512,"height":512,"caption":"Kamila Budzy\u0144ska \"Mi\u015b Holi\u015b\""},"image":{"@id":"https:\/\/misholis.pl\/#\/schema\/logo\/image\/"},"sameAs":["https:\/\/www.facebook.com\/61576074742007\/"]}]}},"_links":{"self":[{"href":"https:\/\/misholis.pl\/index.php?rest_route=\/wp\/v2\/pages\/35","targetHints":{"allow":["GET"]}}],"collection":[{"href":"https:\/\/misholis.pl\/index.php?rest_route=\/wp\/v2\/pages"}],"about":[{"href":"https:\/\/misholis.pl\/index.php?rest_route=\/wp\/v2\/types\/page"}],"author":[{"embeddable":true,"href":"https:\/\/misholis.pl\/index.php?rest_route=\/wp\/v2\/users\/1"}],"replies":[{"embeddable":true,"href":"https:\/\/misholis.pl\/index.php?rest_route=%2Fwp%2Fv2%2Fcomments&post=35"}],"version-history":[{"count":6,"href":"https:\/\/misholis.pl\/index.php?rest_route=\/wp\/v2\/pages\/35\/revisions"}],"predecessor-version":[{"id":98,"href":"https:\/\/misholis.pl\/index.php?rest_route=\/wp\/v2\/pages\/35\/revisions\/98"}],"wp:attachment":[{"href":"https:\/\/misholis.pl\/index.php?rest_route=%2Fwp%2Fv2%2Fmedia&parent=35"}],"curies":[{"name":"wp","href":"https:\/\/api.w.org\/{rel}","templated":true}]}}