{"id":3,"date":"2025-04-26T11:43:21","date_gmt":"2025-04-26T09:43:21","guid":{"rendered":"http:\/\/misholis.pl\/?page_id=3"},"modified":"2025-05-31T13:00:39","modified_gmt":"2025-05-31T11:00:39","slug":"regulamin","status":"publish","type":"page","link":"https:\/\/misholis.pl\/?page_id=3","title":{"rendered":"Regulamin"},"content":{"rendered":"\n<h2 class=\"wp-block-heading alignwide has-text-align-center\"><strong>Regulamin korzystania z us\u0142ug \u015bwiadczonych<br>przez Kamila Budzy\u0144ska \u201eMi\u015b Holi\u015b\u201d<\/strong><\/h2>\n\n\n\n<p><strong>\u00a71 Postanowienia og\u00f3lne i zakres us\u0142ug<\/strong><\/p>\n\n\n\n<ol start=\"1\" class=\"wp-block-list\">\n<li>Niniejszy regulamin okre\u015bla zasady korzystania z us\u0142ug \u015bwiadczonych przez Kamila Budzy\u0144ska \u201eMi\u015b Holi\u015b\u201d zwanym dalej \u201eMi\u015b Holi\u015b\u201d.<\/li>\n\n\n\n<li>\u201eMi\u015b Holi\u015b\u201d oferuje specjalistyczne wsparcie w zakresie:<br>a) diagnozy i terapii logopedycznej i neurologopedycznej,<br>b) diagnozy i terapii integracji sensorycznej, zaj\u0119\u0107 sensorycznych<br>c) diagnozy i terapii pedagogicznej trudno\u015bci szkolnych,<br>d) konsultacji psychologicznych,<br>e) terapii r\u0119ki,<br>f) treningu umiej\u0119tno\u015bci spo\u0142ecznych (TUS).<\/li>\n\n\n\n<li>Us\u0142ugi s\u0105 \u015bwiadczone przez wykwalifikowanych specjalist\u00f3w, zgodnie z aktualnymi standardami, etyk\u0105 zawodow\u0105 oraz obowi\u0105zuj\u0105cym prawem.<\/li>\n<\/ol>\n\n\n\n<p><strong>\u00a72 Warunki korzystania z us\u0142ug<\/strong><\/p>\n\n\n\n<ol start=\"1\" class=\"wp-block-list\">\n<li>Uczestnikiem us\u0142ug mo\u017ce by\u0107 dziecko, m\u0142odzie\u017c lub osoba doros\u0142a, w zale\u017cno\u015bci<br>od wybranego rodzaju terapii.<\/li>\n\n\n\n<li>Do korzystania z us\u0142ug uprawnieni s\u0105 wy\u0142\u0105cznie uczestnicy, kt\u00f3rzy wyrazili zgod\u0119<br>na uczestnictwo poprzez dokonanie zapisu, akceptacj\u0119 regulaminu, RODO oraz dokonanie p\u0142atno\u015bci.<\/li>\n\n\n\n<li>Do korzystania z us\u0142ug uprawnione s\u0105 wy\u0142\u0105cznie dzieci, kt\u00f3rych rodzice\/opiekunowie prawni wyrazili zgod\u0119 na uczestnictwo poprzez zapisanie dziecka, akceptacj\u0119 regulaminu zaj\u0119\u0107, RODO oraz dokonanie p\u0142atno\u015bci.<\/li>\n\n\n\n<li>Przed dokonaniem zapisu na terapi\u0119 wymagane jest dokonanie zapisu na diagnoz\u0119 lub wst\u0119pn\u0105 konsultacj\u0119 w celu ustalenia zakresu wsparcia.<\/li>\n\n\n\n<li>Centrum zastrzega sobie prawo do odmowy podj\u0119cia terapii, je\u017celi us\u0142uga nie jest adekwatna do zg\u0142aszanego problemu lub istniej\u0105 przeciwwskazania.<\/li>\n<\/ol>\n\n\n\n<p><strong>\u00a73 Organizacja zaj\u0119\u0107<\/strong><\/p>\n\n\n\n<ol start=\"1\" class=\"wp-block-list\">\n<li>Zaj\u0119cia odbywaj\u0105 si\u0119 w gabinecie stacjonarnym przy ul. Piaskowa 5,05-110 Jab\u0142onna, w plac\u00f3wce edukacyjnej -Europejskie Przedszkole Tutorland przy ul. Piaskowej 5, 05 &#8211; 110 Jab\u0142onna lub online, je\u015bli pozwala na to zakres us\u0142ugi.<\/li>\n\n\n\n<li>Diagnoza\/Terapia Integracji Sensorycznej odbywa si\u0119 w specjalnie wyposa\u017conej sali<br>w siedzibie firmy Kamila Budzy\u0144ska \u201eMi\u015b Holi\u015b\u201d przy ul. Piaskowej 5, 05 &#8211; 110 Jab\u0142onna, z u\u017cyciem certyfikowanego sprz\u0119tu terapeutycznego. Za certyfikacj\u0119 sprz\u0119tu specjalistycznego u\u017cywanego podczas zaj\u0119\u0107 odpowiada producent i dostawca sprz\u0119tu.<\/li>\n\n\n\n<li>Terapeuta wykonuj\u0105cy us\u0142ug\u0119 oraz w\u0142a\u015bciciel Kamila Budzy\u0144ska \u201eMi\u015b Holi\u015b\u201d nie ponosi odpowiedzialno\u015bci prawnej za urazy uczestnika zaj\u0119\u0107 lub os\u00f3b przebywaj\u0105cych w poczekalni powsta\u0142e na skutek nieprzestrzegania zasad om\u00f3wionych na pierwszym spotkaniu, u\u017cytkowania sprz\u0119t\u00f3w dost\u0119pnych w siedzibie Kamila Budzy\u0144ska \u201eMi\u015b Holi\u015b\u201d niezgodnie z ich przeznaczeniem, bez zgody Terapeuty lub podczas jego nieobecno\u015bci.<\/li>\n\n\n\n<li>Cele terapeutyczne ustalane s\u0105 indywidualnie i mog\u0105 ulega\u0107 zmianie w zale\u017cno\u015bci od post\u0119p\u00f3w uczestnika zaj\u0119\u0107.<\/li>\n\n\n\n<li>Zaj\u0119cia prowadzone s\u0105 indywidualnie lub grupowo, w zale\u017cno\u015bci od formy terapii.<\/li>\n\n\n\n<li>Koszt i czas trwania poszczeg\u00f3lnych us\u0142ug dost\u0119pne s\u0105 w siedzibie \u201eMi\u015b Holi\u015b\u201d oraz podane na stronie internetowej <a href=\"http:\/\/www.misholis.pl\">www.misholis.pl<\/a> w zak\u0142adce cennik.<\/li>\n\n\n\n<li>Rodzic\/opiekun zobowi\u0105zany jest do punktualnego przyprowadzania i odbierania dziecka.<\/li>\n\n\n\n<li>Regularno\u015b\u0107 i systematyczno\u015b\u0107 uczestnictwa w zaj\u0119ciach oraz wykonywania zalece\u0144 przekazanych przez specjalist\u00f3w do pracy w domu maj\u0105 kluczowe znaczenie dla efekt\u00f3w terapii.<\/li>\n<\/ol>\n\n\n\n<p><strong>\u00a74 Rezerwacja wizyt i kontakt<\/strong><\/p>\n\n\n\n<ol start=\"1\" class=\"wp-block-list\">\n<li>Rezerwacji wybranej us\u0142ugi uczestnik\/rodzic\/opiekun prawny mo\u017ce dokona\u0107 za po\u015brednictwem strony internetowej <a href=\"http:\/\/www.misholis.pl\">www.misholis.pl<\/a>, telefonicznie pod numerem telefonu +48&nbsp;453&nbsp;151&nbsp;234 lub za po\u015brednictwem poczty elektronicznej wysy\u0142aj\u0105c wiadomo\u015b\u0107 na adres e-mail <a href=\"mailto:kontakt@misholis.pl\">kontakt@misholis.pl<\/a>.<\/li>\n\n\n\n<li>Kontakt z pracownikami \u201eMi\u015b Holi\u015b\u201d mo\u017cliwy jest pod numerem telefonu +48&nbsp;453&nbsp;151&nbsp;234 w godzinach pracy lub za po\u015brednictwem poczty elektronicznej wysy\u0142aj\u0105c wiadomo\u015b\u0107 na adres e-mail <a href=\"mailto:kontakt@misholis.pl\">kontakt@misholis.pl<\/a>.<\/li>\n<\/ol>\n\n\n\n<p><strong>\u00a75 Odwo\u0142ywanie wizyt<\/strong><\/p>\n\n\n\n<ol start=\"1\" class=\"wp-block-list\">\n<li>Odwo\u0142anie zaj\u0119\u0107 mo\u017cliwe jest najp\u00f3\u017aniej w dzie\u0144 poprzedzaj\u0105cy planowan\u0105 sesj\u0105.<\/li>\n\n\n\n<li>W przypadku nieodwo\u0142ania wizyty lub odwo\u0142ania w dniu zaj\u0119\u0107, op\u0142ata za zaj\u0119cia nie podlega zwrotowi.<\/li>\n\n\n\n<li>Terapeuta zastrzega sobie prawo do odwo\u0142ania lub prze\u0142o\u017cenia zaj\u0119\u0107 z wa\u017cnych przyczyn, informuj\u0105c o tym uczestnika\/rodzica\/prawnego opiekuna uczestnika<br>z wyprzedzeniem, o kt\u00f3rym mowa w punkcie 1. Podaj\u0105c najszybszy mo\u017cliwy termin realizacji us\u0142ugi.<\/li>\n<\/ol>\n\n\n\n<p><strong>\u00a76 P\u0142atno\u015bci<\/strong><\/p>\n\n\n\n<ol start=\"1\" class=\"wp-block-list\">\n<li>Cennik us\u0142ug dost\u0119pny jest w siedzibie \u201eMi\u015b Holi\u015b\u201d oraz na stronie internetowej www.misholis.pl.<\/li>\n\n\n\n<li>P\u0142atno\u015bci dokonywane s\u0105 got\u00f3wk\u0105\/przelewem\/op\u0142at\u0105 faktury przes\u0142anej na adres email &#8211; dotyczy pakiet\u00f3w lub za po\u015brednictwem bankowo\u015bci elektronicznej\/terminalu p\u0142atniczego w gabinecie, lub zgodnie z ustaleniami z terapeut\u0105.<\/li>\n\n\n\n<li>Brak p\u0142atno\u015bci skutkuje wstrzymaniem dalszych zaj\u0119\u0107 do czasu uregulowania nale\u017cno\u015bci, a w przypadku powtarzaj\u0105cych si\u0119 zaleg\u0142o\u015bci w p\u0142atno\u015bciach skre\u015bleniem<br>z listy uczestnik\u00f3w.<\/li>\n<\/ol>\n\n\n\n<p><strong>\u00a77 Obowi\u0105zki uczestnika \/ rodzica \/ opiekuna prawnego<\/strong><\/p>\n\n\n\n<ol start=\"1\" class=\"wp-block-list\">\n<li>Uczestnik\/Rodzic\/Opiekun Prawny zobowi\u0105zany jest do aktywnej wsp\u00f3\u0142pracy<br>z terapeut\u0105, w tym do realizacji zalece\u0144 i \u0107wicze\u0144 domowych.<\/li>\n\n\n\n<li>Rodzic\/opiekun powinien zapewni\u0107 dziecku punktualne przybycie na zaj\u0119cia oraz odpowiednie warunki do nauki w domu.<\/li>\n\n\n\n<li>W przypadku wyst\u0105pienia choroby lub z\u0142ego samopoczucia nale\u017cy odwo\u0142a\u0107 zaj\u0119cia zgodnie z zasadami okre\u015blonymi w paragrafie 5 niniejszego regulaminu.<\/li>\n\n\n\n<li>W przypadku terapii wymagaj\u0105cych obecno\u015bci rodzica \/ prawnego opiekuna dziecka (np. pierwsze spotkania, m\u0142odsze dzieci) w\/w zobowi\u0105zany jest do udzia\u0142u w sesji zgodnie z zaleceniami terapeuty.<\/li>\n<\/ol>\n\n\n\n<p><strong>\u00a78 Poufno\u015b\u0107 i ochrona danych<\/strong><\/p>\n\n\n\n<ol start=\"1\" class=\"wp-block-list\">\n<li>Wszystkie informacje przekazywane przez uczestnika\/rodzica\/opiekuna prawnego<br>s\u0105 poufne i obj\u0119te tajemnic\u0105 zawodow\u0105.<\/li>\n\n\n\n<li>Dane osobowe przetwarzane s\u0105 zgodnie z RODO wy\u0142\u0105cznie w celu \u015bwiadczenia us\u0142ug i prowadzenia dokumentacji terapeutycznej.<\/li>\n\n\n\n<li>Uczestnik\/rodzic\/opiekun prawny wyra\u017ca zgod\u0119 na przetwarzanie danych poprzez zaakceptowanie odpowiedniego formularza zgody.<\/li>\n\n\n\n<li>Dokumentacja mo\u017ce by\u0107 udost\u0119pniana wy\u0142\u0105cznie uczestnikowi\/rodzicowi\/opiekunowi prawnemu uczestnika na pisemny wniosek lub osobom\/instytucjom posiadaj\u0105cym odpowiednie uprawnienia prawne.<\/li>\n<\/ol>\n\n\n\n<p><strong>\u00a79 Postanowienia ko\u0144cowe<\/strong><\/p>\n\n\n\n<ol start=\"1\" class=\"wp-block-list\">\n<li>Korzystanie z us\u0142ug jest r\u00f3wnoznaczne z akceptacj\u0105 niniejszego regulaminu.<\/li>\n\n\n\n<li>\u201eMi\u015b Holi\u015b\u201d zastrzega sobie prawo do wprowadzania zmian w regulaminie. Klienci zostan\u0105 poinformowani o zmianach drog\u0105 ustalon\u0105 z plac\u00f3wk\u0105.<\/li>\n\n\n\n<li>W sprawach nieuregulowanych niniejszym regulaminem zastosowanie maj\u0105 odpowiednie przepisy prawa polskiego.<\/li>\n<\/ol>\n\n\n\n<p style=\"margin-right:0;margin-left:0\"><\/p>\n\n\n\n<p><\/p>\n","protected":false},"excerpt":{"rendered":"<p>Regulamin korzystania z us\u0142ug \u015bwiadczonychprzez Kamila Budzy\u0144ska \u201eMi\u015b Holi\u015b\u201d \u00a71 Postanowienia og\u00f3lne i zakres us\u0142ug \u00a72 Warunki korzystania z us\u0142ug \u00a73 Organizacja zaj\u0119\u0107 \u00a74 Rezerwacja wizyt i kontakt \u00a75 Odwo\u0142ywanie wizyt \u00a76 P\u0142atno\u015bci \u00a77 Obowi\u0105zki uczestnika \/ rodzica \/ opiekuna prawnego \u00a78 Poufno\u015b\u0107 i ochrona danych \u00a79 Postanowienia ko\u0144cowe<\/p>\n","protected":false},"author":1,"featured_media":0,"parent":0,"menu_order":0,"comment_status":"closed","ping_status":"open","template":"","meta":{"footnotes":""},"class_list":["post-3","page","type-page","status-publish","hentry"],"yoast_head":"<!-- This site is optimized with the Yoast SEO plugin v24.9 - https:\/\/yoast.com\/wordpress\/plugins\/seo\/ -->\n<title>Regulamin - Mi\u015b Holi\u015b<\/title>\n<meta name=\"description\" content=\"Logopeda, Neurologopeda, Integracja Sensoryczna, SI, Jab\u0142onna, Legionowo\" \/>\n<meta name=\"robots\" content=\"index, follow, max-snippet:-1, max-image-preview:large, max-video-preview:-1\" \/>\n<link rel=\"canonical\" href=\"https:\/\/misholis.pl\/?page_id=3\" \/>\n<meta property=\"og:locale\" content=\"pl_PL\" \/>\n<meta property=\"og:type\" content=\"article\" \/>\n<meta property=\"og:title\" content=\"Regulamin - Mi\u015b Holi\u015b\" \/>\n<meta property=\"og:description\" content=\"Logopeda, Neurologopeda, Integracja Sensoryczna, SI, Jab\u0142onna, Legionowo\" \/>\n<meta property=\"og:url\" content=\"https:\/\/misholis.pl\/?page_id=3\" \/>\n<meta property=\"og:site_name\" content=\"Mi\u015b Holi\u015b\" \/>\n<meta property=\"article:publisher\" content=\"https:\/\/www.facebook.com\/61576074742007\/\" \/>\n<meta property=\"article:modified_time\" content=\"2025-05-31T11:00:39+00:00\" \/>\n<meta name=\"twitter:card\" content=\"summary_large_image\" \/>\n<meta name=\"twitter:label1\" content=\"Szacowany czas czytania\" \/>\n\t<meta name=\"twitter:data1\" content=\"5 minut\" \/>\n<script type=\"application\/ld+json\" class=\"yoast-schema-graph\">{\"@context\":\"https:\/\/schema.org\",\"@graph\":[{\"@type\":\"WebPage\",\"@id\":\"https:\/\/misholis.pl\/?page_id=3\",\"url\":\"https:\/\/misholis.pl\/?page_id=3\",\"name\":\"Regulamin - Mi\u015b Holi\u015b\",\"isPartOf\":{\"@id\":\"https:\/\/misholis.pl\/#website\"},\"datePublished\":\"2025-04-26T09:43:21+00:00\",\"dateModified\":\"2025-05-31T11:00:39+00:00\",\"description\":\"Logopeda, Neurologopeda, Integracja Sensoryczna, SI, Jab\u0142onna, Legionowo\",\"breadcrumb\":{\"@id\":\"https:\/\/misholis.pl\/?page_id=3#breadcrumb\"},\"inLanguage\":\"pl-PL\",\"potentialAction\":[{\"@type\":\"ReadAction\",\"target\":[\"https:\/\/misholis.pl\/?page_id=3\"]}]},{\"@type\":\"BreadcrumbList\",\"@id\":\"https:\/\/misholis.pl\/?page_id=3#breadcrumb\",\"itemListElement\":[{\"@type\":\"ListItem\",\"position\":1,\"name\":\"Home\",\"item\":\"https:\/\/misholis.pl\/\"},{\"@type\":\"ListItem\",\"position\":2,\"name\":\"Regulamin\"}]},{\"@type\":\"WebSite\",\"@id\":\"https:\/\/misholis.pl\/#website\",\"url\":\"https:\/\/misholis.pl\/\",\"name\":\"Mi\u015b Holi\u015b\",\"description\":\"Centrum Wspierania Rozwoju Dziecka\",\"publisher\":{\"@id\":\"https:\/\/misholis.pl\/#organization\"},\"potentialAction\":[{\"@type\":\"SearchAction\",\"target\":{\"@type\":\"EntryPoint\",\"urlTemplate\":\"https:\/\/misholis.pl\/?s={search_term_string}\"},\"query-input\":{\"@type\":\"PropertyValueSpecification\",\"valueRequired\":true,\"valueName\":\"search_term_string\"}}],\"inLanguage\":\"pl-PL\"},{\"@type\":\"Organization\",\"@id\":\"https:\/\/misholis.pl\/#organization\",\"name\":\"Kamila Budzy\u0144ska \\\"Mi\u015b Holi\u015b\\\"\",\"url\":\"https:\/\/misholis.pl\/\",\"logo\":{\"@type\":\"ImageObject\",\"inLanguage\":\"pl-PL\",\"@id\":\"https:\/\/misholis.pl\/#\/schema\/logo\/image\/\",\"url\":\"https:\/\/misholis.pl\/wp-content\/uploads\/2025\/05\/cropped-logo-wlasciwe.png\",\"contentUrl\":\"https:\/\/misholis.pl\/wp-content\/uploads\/2025\/05\/cropped-logo-wlasciwe.png\",\"width\":512,\"height\":512,\"caption\":\"Kamila Budzy\u0144ska \\\"Mi\u015b Holi\u015b\\\"\"},\"image\":{\"@id\":\"https:\/\/misholis.pl\/#\/schema\/logo\/image\/\"},\"sameAs\":[\"https:\/\/www.facebook.com\/61576074742007\/\"]}]}<\/script>\n<!-- \/ Yoast SEO plugin. -->","yoast_head_json":{"title":"Regulamin - Mi\u015b Holi\u015b","description":"Logopeda, Neurologopeda, Integracja Sensoryczna, SI, Jab\u0142onna, Legionowo","robots":{"index":"index","follow":"follow","max-snippet":"max-snippet:-1","max-image-preview":"max-image-preview:large","max-video-preview":"max-video-preview:-1"},"canonical":"https:\/\/misholis.pl\/?page_id=3","og_locale":"pl_PL","og_type":"article","og_title":"Regulamin - Mi\u015b Holi\u015b","og_description":"Logopeda, Neurologopeda, Integracja Sensoryczna, SI, Jab\u0142onna, Legionowo","og_url":"https:\/\/misholis.pl\/?page_id=3","og_site_name":"Mi\u015b Holi\u015b","article_publisher":"https:\/\/www.facebook.com\/61576074742007\/","article_modified_time":"2025-05-31T11:00:39+00:00","twitter_card":"summary_large_image","twitter_misc":{"Szacowany czas czytania":"5 minut"},"schema":{"@context":"https:\/\/schema.org","@graph":[{"@type":"WebPage","@id":"https:\/\/misholis.pl\/?page_id=3","url":"https:\/\/misholis.pl\/?page_id=3","name":"Regulamin - Mi\u015b Holi\u015b","isPartOf":{"@id":"https:\/\/misholis.pl\/#website"},"datePublished":"2025-04-26T09:43:21+00:00","dateModified":"2025-05-31T11:00:39+00:00","description":"Logopeda, Neurologopeda, Integracja Sensoryczna, SI, Jab\u0142onna, Legionowo","breadcrumb":{"@id":"https:\/\/misholis.pl\/?page_id=3#breadcrumb"},"inLanguage":"pl-PL","potentialAction":[{"@type":"ReadAction","target":["https:\/\/misholis.pl\/?page_id=3"]}]},{"@type":"BreadcrumbList","@id":"https:\/\/misholis.pl\/?page_id=3#breadcrumb","itemListElement":[{"@type":"ListItem","position":1,"name":"Home","item":"https:\/\/misholis.pl\/"},{"@type":"ListItem","position":2,"name":"Regulamin"}]},{"@type":"WebSite","@id":"https:\/\/misholis.pl\/#website","url":"https:\/\/misholis.pl\/","name":"Mi\u015b Holi\u015b","description":"Centrum Wspierania Rozwoju Dziecka","publisher":{"@id":"https:\/\/misholis.pl\/#organization"},"potentialAction":[{"@type":"SearchAction","target":{"@type":"EntryPoint","urlTemplate":"https:\/\/misholis.pl\/?s={search_term_string}"},"query-input":{"@type":"PropertyValueSpecification","valueRequired":true,"valueName":"search_term_string"}}],"inLanguage":"pl-PL"},{"@type":"Organization","@id":"https:\/\/misholis.pl\/#organization","name":"Kamila Budzy\u0144ska \"Mi\u015b Holi\u015b\"","url":"https:\/\/misholis.pl\/","logo":{"@type":"ImageObject","inLanguage":"pl-PL","@id":"https:\/\/misholis.pl\/#\/schema\/logo\/image\/","url":"https:\/\/misholis.pl\/wp-content\/uploads\/2025\/05\/cropped-logo-wlasciwe.png","contentUrl":"https:\/\/misholis.pl\/wp-content\/uploads\/2025\/05\/cropped-logo-wlasciwe.png","width":512,"height":512,"caption":"Kamila Budzy\u0144ska \"Mi\u015b Holi\u015b\""},"image":{"@id":"https:\/\/misholis.pl\/#\/schema\/logo\/image\/"},"sameAs":["https:\/\/www.facebook.com\/61576074742007\/"]}]}},"_links":{"self":[{"href":"https:\/\/misholis.pl\/index.php?rest_route=\/wp\/v2\/pages\/3","targetHints":{"allow":["GET"]}}],"collection":[{"href":"https:\/\/misholis.pl\/index.php?rest_route=\/wp\/v2\/pages"}],"about":[{"href":"https:\/\/misholis.pl\/index.php?rest_route=\/wp\/v2\/types\/page"}],"author":[{"embeddable":true,"href":"https:\/\/misholis.pl\/index.php?rest_route=\/wp\/v2\/users\/1"}],"replies":[{"embeddable":true,"href":"https:\/\/misholis.pl\/index.php?rest_route=%2Fwp%2Fv2%2Fcomments&post=3"}],"version-history":[{"count":8,"href":"https:\/\/misholis.pl\/index.php?rest_route=\/wp\/v2\/pages\/3\/revisions"}],"predecessor-version":[{"id":134,"href":"https:\/\/misholis.pl\/index.php?rest_route=\/wp\/v2\/pages\/3\/revisions\/134"}],"wp:attachment":[{"href":"https:\/\/misholis.pl\/index.php?rest_route=%2Fwp%2Fv2%2Fmedia&parent=3"}],"curies":[{"name":"wp","href":"https:\/\/api.w.org\/{rel}","templated":true}]}}